{"id":1719,"date":"2023-10-23T17:16:19","date_gmt":"2023-10-23T15:16:19","guid":{"rendered":"https:\/\/condescending-hamilton.82-223-66-19.plesk.page\/vivi-granada\/"},"modified":"2023-10-27T10:53:08","modified_gmt":"2023-10-27T08:53:08","slug":"vivi-granada","status":"publish","type":"page","link":"https:\/\/hotelgranadacentro.com\/it\/vivi-granada\/","title":{"rendered":"Vivi Granada"},"content":{"rendered":"\n<div class=\"wp-block-group alignfull is-layout-constrained wp-block-group-is-layout-constrained\">\n<div class=\"wp-block-cover alignfull is-light\"><span aria-hidden=\"true\" class=\"wp-block-cover__background has-hgc-oro-background-color has-background-dim-30 has-background-dim\"><\/span><img loading=\"lazy\" decoding=\"async\" width=\"1000\" height=\"668\" class=\"wp-block-cover__image-background wp-image-961\" alt=\"\" src=\"https:\/\/hotelgranadacentro.com\/wp-content\/uploads\/2023\/10\/miradores_granada.jpg\" data-object-fit=\"cover\" srcset=\"https:\/\/hotelgranadacentro.com\/wp-content\/uploads\/2023\/10\/miradores_granada.jpg 1000w, https:\/\/hotelgranadacentro.com\/wp-content\/uploads\/2023\/10\/miradores_granada-300x200.jpg 300w, https:\/\/hotelgranadacentro.com\/wp-content\/uploads\/2023\/10\/miradores_granada-768x513.jpg 768w\" sizes=\"auto, (max-width: 1000px) 100vw, 1000px\" \/><div class=\"wp-block-cover__inner-container is-layout-flow wp-block-cover-is-layout-flow\">\n<div class=\"wp-block-uagb-advanced-heading uagb-block-7acc88ba\"><h1 class=\"uagb-heading-text\">Vivi Granada<\/h1><\/div>\n<\/div><\/div>\n<\/div>\n\n<div class=\"wp-block-group alignfull is-layout-constrained wp-container-core-group-is-layout-48c9aa2a wp-block-group-is-layout-constrained\"><div class=\"root-eb-post-grid-iwrpgtc wp-block-essential-blocks-post-grid\">\n    <div class=\"eb-parent-wrapper eb-parent-eb-post-grid-iwrpgtc \">\n        <div class=\"eb-post-grid-iwrpgtc style-1 eb-post-grid-wrapper\"\n            data-id=\"eb-post-grid-iwrpgtc\"\n            data-querydata=\"{&quot;source&quot;:&quot;post&quot;,&quot;sourceIndex&quot;:0,&quot;rest_base&quot;:&quot;posts&quot;,&quot;rest_namespace&quot;:&quot;wp\\\/v2&quot;,&quot;author&quot;:&quot;&quot;,&quot;taxonomies&quot;:[],&quot;per_page&quot;:&quot;6&quot;,&quot;offset&quot;:&quot;0&quot;,&quot;orderby&quot;:&quot;date&quot;,&quot;order&quot;:&quot;desc&quot;,&quot;include&quot;:&quot;&quot;,&quot;exclude&quot;:&quot;&quot;,&quot;exclude_current&quot;:false}\"\n            data-attributes=\"{&quot;thumbnailSize&quot;:&quot;&quot;,&quot;loadMoreOptions&quot;:{&quot;enableMorePosts&quot;:true,&quot;loadMoreType&quot;:&quot;2&quot;,&quot;loadMoreButtonTxt&quot;:&quot;Load More&quot;,&quot;alignment&quot;:&quot;center&quot;,&quot;prevTxt&quot;:&quot;&lt;&quot;,&quot;nextTxt&quot;:&quot;&gt;&quot;,&quot;totalPosts&quot;:30},&quot;showSearch&quot;:false,&quot;showTaxonomyFilter&quot;:false,&quot;enableAjaxSearch&quot;:false,&quot;addIcon&quot;:false,&quot;iconPosition&quot;:&quot;left&quot;,&quot;icon&quot;:&quot;fas fa-chevron-right&quot;,&quot;preset&quot;:&quot;style-1&quot;,&quot;defaultFilter&quot;:&quot;all&quot;,&quot;version&quot;:&quot;&quot;,&quot;showBlockContent&quot;:true,&quot;showFallbackImg&quot;:false,&quot;fallbackImgUrl&quot;:&quot;&quot;,&quot;showThumbnail&quot;:true,&quot;showTitle&quot;:true,&quot;titleLength&quot;:&quot;&quot;,&quot;titleTag&quot;:&quot;h2&quot;,&quot;showContent&quot;:true,&quot;contentLength&quot;:20,&quot;expansionIndicator&quot;:&quot;...&quot;,&quot;showReadMore&quot;:false,&quot;readmoreText&quot;:&quot;Read More&quot;,&quot;showMeta&quot;:true,&quot;headerMeta&quot;:&quot;[]&quot;,&quot;footerMeta&quot;:&quot;[{\\&quot;value\\&quot;:\\&quot;date\\&quot;,\\&quot;label\\&quot;:\\&quot;Published Date\\&quot;}]&quot;,&quot;authorPrefix&quot;:&quot;&quot;,&quot;datePrefix&quot;:&quot;&quot;}\">\n\n            \n\n            <article class=\"ebpg-grid-post ebpg-post-grid-column\" data-id=\"1961\"><div class=\"ebpg-grid-post-holder\"><div class=\"ebpg-entry-wrapper\"><div class=\"ebpg-entry-media\">\n                <div class=\"ebpg-entry-thumbnail\">\n                    <a class=\"ebpg-post-link-wrapper eb-sr-only\" href=\"https:\/\/hotelgranadacentro.com\/it\/vive-granada\/natale-a-granada\/\">Natale a Granada<\/a>\n                    <img loading=\"lazy\" decoding=\"async\" width=\"1920\" height=\"1442\" src=\"https:\/\/hotelgranadacentro.com\/wp-content\/uploads\/2023\/09\/GRANADA_NAVIDAD.jpg\" class=\"attachment-full size-full\" alt=\"navidad en Granada\" \/>\n                <\/div>\n            <\/div><header class=\"ebpg-entry-header\">\n            <h2 class=\"ebpg-entry-title\">\n                <a class=\"ebpg-grid-post-link\" href=\"https:\/\/hotelgranadacentro.com\/it\/vive-granada\/natale-a-granada\/\" title=\"nataleagranada\">Natale a Granada<\/a>\n            <\/h2>\n        <\/header><div class=\"ebpg-entry-meta ebpg-header-meta\"><div class=\"ebpg-entry-meta-items\"><\/div><\/div><div class=\"ebpg-entry-content\"><div class=\"ebpg-grid-post-excerpt\">\n            <p>Pasar la Navidad en Granada\n\nLlega la esperada Navidad con los \u00faltimos d\u00edas del a\u00f1o, una \u00e9poca diferente, que guardamos en&#8230;<\/p>\n        <\/div><\/div><div class=\"ebpg-entry-meta ebpg-footer-meta\"><div class=\"ebpg-entry-meta-items\"><span class=\"ebpg-posted-on\">\n             <time dateTime=\"2025-12-15T09:19:00+01:00\">15 de Dicembre de 2025<\/time>\n        <\/span><\/div><\/div><\/div><\/div><\/article><article class=\"ebpg-grid-post ebpg-post-grid-column\" data-id=\"1858\"><div class=\"ebpg-grid-post-holder\"><div class=\"ebpg-entry-wrapper\"><div class=\"ebpg-entry-media\">\n                <div class=\"ebpg-entry-thumbnail\">\n                    <a class=\"ebpg-post-link-wrapper eb-sr-only\" href=\"https:\/\/hotelgranadacentro.com\/it\/vive-granada\/settimana-santa-a-granada-festa-e-tradizione\/\">Settimana Santa a Granada: festa e tradizione<\/a>\n                    <img loading=\"lazy\" decoding=\"async\" width=\"879\" height=\"540\" src=\"https:\/\/hotelgranadacentro.com\/wp-content\/uploads\/2024\/03\/semana_santa_en_granada.webp\" class=\"attachment-full size-full\" alt=\"Semana Santa en Granada\" \/>\n                <\/div>\n            <\/div><header class=\"ebpg-entry-header\">\n            <h2 class=\"ebpg-entry-title\">\n                <a class=\"ebpg-grid-post-link\" href=\"https:\/\/hotelgranadacentro.com\/it\/vive-granada\/settimana-santa-a-granada-festa-e-tradizione\/\" title=\"settimanasantaagranada:festaetradizione\">Settimana Santa a Granada: festa e tradizione<\/a>\n            <\/h2>\n        <\/header><div class=\"ebpg-entry-meta ebpg-header-meta\"><div class=\"ebpg-entry-meta-items\"><\/div><\/div><div class=\"ebpg-entry-content\"><div class=\"ebpg-grid-post-excerpt\">\n            <p>Vivi la Settimana Santa a Granada: festa e tradizione.\n\n\n\nAncora senza piani per questa Settimana Santa?\n\n\n\nLa citt\u00e0 di Granada si veste&#8230;<\/p>\n        <\/div><\/div><div class=\"ebpg-entry-meta ebpg-footer-meta\"><div class=\"ebpg-entry-meta-items\"><span class=\"ebpg-posted-on\">\n             <time dateTime=\"2025-03-10T10:43:00+01:00\">10 de Marzo de 2025<\/time>\n        <\/span><\/div><\/div><\/div><\/div><\/article><article class=\"ebpg-grid-post ebpg-post-grid-column\" data-id=\"1594\"><div class=\"ebpg-grid-post-holder\"><div class=\"ebpg-entry-wrapper\"><div class=\"ebpg-entry-media\">\n                <div class=\"ebpg-entry-thumbnail\">\n                    <a class=\"ebpg-post-link-wrapper eb-sr-only\" href=\"https:\/\/hotelgranadacentro.com\/it\/vive-granada\/que-te-espera-en-granada-en-2023\/\">Cosa vi aspetta a Granada nel 2023<\/a>\n                    <img loading=\"lazy\" decoding=\"async\" width=\"1000\" height=\"677\" src=\"https:\/\/hotelgranadacentro.com\/wp-content\/uploads\/2023\/10\/esquiar_en_granada_y_descubrir_sierra_nevada.jpg\" class=\"attachment-full size-full\" alt=\"\" \/>\n                <\/div>\n            <\/div><header class=\"ebpg-entry-header\">\n            <h2 class=\"ebpg-entry-title\">\n                <a class=\"ebpg-grid-post-link\" href=\"https:\/\/hotelgranadacentro.com\/it\/vive-granada\/que-te-espera-en-granada-en-2023\/\" title=\"cosaviaspettaagranadanel2023\">Cosa vi aspetta a Granada nel 2023<\/a>\n            <\/h2>\n        <\/header><div class=\"ebpg-entry-meta ebpg-header-meta\"><div class=\"ebpg-entry-meta-items\"><\/div><\/div><div class=\"ebpg-entry-content\"><div class=\"ebpg-grid-post-excerpt\">\n            <p>Granada, una de las ciudades m\u00e1s bellas de toda Espa\u00f1a donde se juntan pasado\u00a0hist\u00f3rico y modernidad\u00a0en una mezcla y combinaci\u00f3n&#8230;<\/p>\n        <\/div><\/div><div class=\"ebpg-entry-meta ebpg-footer-meta\"><div class=\"ebpg-entry-meta-items\"><span class=\"ebpg-posted-on\">\n             <time dateTime=\"2025-03-05T11:04:00+01:00\">5 de Marzo de 2025<\/time>\n        <\/span><\/div><\/div><\/div><\/div><\/article><article class=\"ebpg-grid-post ebpg-post-grid-column\" data-id=\"1662\"><div class=\"ebpg-grid-post-holder\"><div class=\"ebpg-entry-wrapper\"><div class=\"ebpg-entry-media\">\n                <div class=\"ebpg-entry-thumbnail\">\n                    <a class=\"ebpg-post-link-wrapper eb-sr-only\" href=\"https:\/\/hotelgranadacentro.com\/it\/vive-granada\/regala-una-fuga-romantica-a-granada\/\">Regala una fuga romantica a Granada<\/a>\n                    <img loading=\"lazy\" decoding=\"async\" width=\"800\" height=\"489\" src=\"https:\/\/hotelgranadacentro.com\/wp-content\/uploads\/2023\/10\/planes-granada.jpg\" class=\"attachment-full size-full\" alt=\"Planes para hacer en Granada\" \/>\n                <\/div>\n            <\/div><header class=\"ebpg-entry-header\">\n            <h2 class=\"ebpg-entry-title\">\n                <a class=\"ebpg-grid-post-link\" href=\"https:\/\/hotelgranadacentro.com\/it\/vive-granada\/regala-una-fuga-romantica-a-granada\/\" title=\"regalaunafugaromanticaagranada\">Regala una fuga romantica a Granada<\/a>\n            <\/h2>\n        <\/header><div class=\"ebpg-entry-meta ebpg-header-meta\"><div class=\"ebpg-entry-meta-items\"><\/div><\/div><div class=\"ebpg-entry-content\"><div class=\"ebpg-grid-post-excerpt\">\n            <p>Se desideri trascorrere alcuni giorni pieni di amore, romanticismo e passione, ti incoraggiamo a vivere un indimenticabile San Valentino a&#8230;<\/p>\n        <\/div><\/div><div class=\"ebpg-entry-meta ebpg-footer-meta\"><div class=\"ebpg-entry-meta-items\"><span class=\"ebpg-posted-on\">\n             <time dateTime=\"2023-10-27T10:56:47+02:00\">27 de Ottobre de 2023<\/time>\n        <\/span><\/div><\/div><\/div><\/div><\/article><article class=\"ebpg-grid-post ebpg-post-grid-column\" data-id=\"1478\"><div class=\"ebpg-grid-post-holder\"><div class=\"ebpg-entry-wrapper\"><div class=\"ebpg-entry-media\">\n                <div class=\"ebpg-entry-thumbnail\">\n                    <a class=\"ebpg-post-link-wrapper eb-sr-only\" href=\"https:\/\/hotelgranadacentro.com\/it\/vive-granada\/regala-una-escapada-romantica-a-granada\/\">Regala una fuga romantica a Granada<\/a>\n                    <img loading=\"lazy\" decoding=\"async\" width=\"1000\" height=\"667\" src=\"https:\/\/hotelgranadacentro.com\/wp-content\/uploads\/2023\/10\/san_valentin_en_granada-1.jpg\" class=\"attachment-full size-full\" alt=\"\" \/>\n                <\/div>\n            <\/div><header class=\"ebpg-entry-header\">\n            <h2 class=\"ebpg-entry-title\">\n                <a class=\"ebpg-grid-post-link\" href=\"https:\/\/hotelgranadacentro.com\/it\/vive-granada\/regala-una-escapada-romantica-a-granada\/\" title=\"regalaunafugaromanticaagranada\">Regala una fuga romantica a Granada<\/a>\n            <\/h2>\n        <\/header><div class=\"ebpg-entry-meta ebpg-header-meta\"><div class=\"ebpg-entry-meta-items\"><\/div><\/div><div class=\"ebpg-entry-content\"><div class=\"ebpg-grid-post-excerpt\">\n            <p>Se desideri trascorrere alcuni giorni pieni di amore, romanticismo e passione, ti incoraggiamo a vivere un indimenticabile San Valentino a&#8230;<\/p>\n        <\/div><\/div><div class=\"ebpg-entry-meta ebpg-footer-meta\"><div class=\"ebpg-entry-meta-items\"><span class=\"ebpg-posted-on\">\n             <time dateTime=\"2023-01-27T10:42:00+01:00\">27 de Gennaio de 2023<\/time>\n        <\/span><\/div><\/div><\/div><\/div><\/article><article class=\"ebpg-grid-post ebpg-post-grid-column\" data-id=\"1590\"><div class=\"ebpg-grid-post-holder\"><div class=\"ebpg-entry-wrapper\"><div class=\"ebpg-entry-media\">\n                <div class=\"ebpg-entry-thumbnail\">\n                    <a class=\"ebpg-post-link-wrapper eb-sr-only\" href=\"https:\/\/hotelgranadacentro.com\/it\/vive-granada\/il-flamenco-puo-essere-vissuto-anche-a-granada\/\">Il flamenco pu\u00f2 essere vissuto anche a Granada<\/a>\n                    <img loading=\"lazy\" decoding=\"async\" width=\"1000\" height=\"591\" src=\"https:\/\/hotelgranadacentro.com\/wp-content\/uploads\/2023\/10\/flamenco_en_granada.jpg\" class=\"attachment-full size-full\" alt=\"Vista de una mujer vestida de flamenca en Granada\" \/>\n                <\/div>\n            <\/div><header class=\"ebpg-entry-header\">\n            <h2 class=\"ebpg-entry-title\">\n                <a class=\"ebpg-grid-post-link\" href=\"https:\/\/hotelgranadacentro.com\/it\/vive-granada\/il-flamenco-puo-essere-vissuto-anche-a-granada\/\" title=\"ilflamencopuesserevissutoancheagranada\">Il flamenco pu\u00f2 essere vissuto anche a Granada<\/a>\n            <\/h2>\n        <\/header><div class=\"ebpg-entry-meta ebpg-header-meta\"><div class=\"ebpg-entry-meta-items\"><\/div><\/div><div class=\"ebpg-entry-content\"><div class=\"ebpg-grid-post-excerpt\">\n            <p>La citt\u00e0 di Granada ha sempre avuto un solido e forte legame con l&#8217;arte e la cultura, essendo un comune&#8230;<\/p>\n        <\/div><\/div><div class=\"ebpg-entry-meta ebpg-footer-meta\"><div class=\"ebpg-entry-meta-items\"><span class=\"ebpg-posted-on\">\n             <time dateTime=\"2023-01-22T11:01:00+01:00\">22 de Gennaio de 2023<\/time>\n        <\/span><\/div><\/div><\/div><\/div><\/article><p class=\"eb-no-posts eb-loadmore-no-post\" style=\"display: none;\">No more posts<\/p><div class=\"ebpostgrid-pagination ebpg-pagination \"><button class=\"ebpg-pagination-item-previous\">&lt;<\/button><button class=\"ebpg-pagination-item active\" data-pagenumber=\"1\">\n                        1\n                    <\/button><button class=\"ebpg-pagination-item \" data-pagenumber=\"2\">\n                        2\n                    <\/button><button class=\"ebpg-pagination-item \" data-pagenumber=\"3\">\n                        3\n                    <\/button><button class=\"ebpg-pagination-item \" data-pagenumber=\"4\">\n                        4\n                    <\/button><button class=\"ebpg-pagination-item \" data-pagenumber=\"5\">\n                        5\n                    <\/button><button class=\"ebpg-pagination-item-next\">&gt;<\/button><\/div>        <\/div>\n    <\/div>\n<\/div>\n<\/div>\n","protected":false},"excerpt":{"rendered":"","protected":false},"author":1,"featured_media":1242,"parent":0,"menu_order":0,"comment_status":"closed","ping_status":"closed","template":"","meta":{"_acf_changed":false,"_eb_attr":"","inline_featured_image":false,"_uag_custom_page_level_css":"","footnotes":""},"class_list":["post-1719","page","type-page","status-publish","has-post-thumbnail","hentry"],"acf":[],"yoast_head":"<!-- This site is optimized with the Yoast SEO plugin v27.2 - https:\/\/yoast.com\/product\/yoast-seo-wordpress\/ -->\n<title>Vivi Granada | Hotel Granada Centro<\/title>\n<meta name=\"description\" content=\"Conosci Granada con l&#039;Hotel Granada Centro, il tuo alloggio nel cuore della citt\u00e0 che ti permette di conoscerla nel migliore dei modi.\" \/>\n<meta name=\"robots\" content=\"index, follow, max-snippet:-1, max-image-preview:large, max-video-preview:-1\" \/>\n<link rel=\"canonical\" href=\"https:\/\/hotelgranadacentro.com\/it\/vivi-granada\/\" \/>\n<meta property=\"og:locale\" content=\"it_IT\" \/>\n<meta property=\"og:type\" content=\"article\" \/>\n<meta property=\"og:title\" content=\"Vivi Granada | Hotel Granada Centro\" \/>\n<meta property=\"og:description\" content=\"Conosci Granada con l&#039;Hotel Granada Centro, il tuo alloggio nel cuore della citt\u00e0 che ti permette di conoscerla nel migliore dei modi.\" \/>\n<meta property=\"og:url\" content=\"https:\/\/hotelgranadacentro.com\/it\/vivi-granada\/\" \/>\n<meta property=\"og:site_name\" content=\"Hotel Granada Centro\" \/>\n<meta property=\"article:modified_time\" content=\"2023-10-27T08:53:08+00:00\" \/>\n<meta property=\"og:image\" content=\"https:\/\/hotelgranadacentro.com\/wp-content\/uploads\/2023\/10\/miradores_granada.jpg\" \/>\n\t<meta property=\"og:image:width\" content=\"1000\" \/>\n\t<meta property=\"og:image:height\" content=\"668\" \/>\n\t<meta property=\"og:image:type\" content=\"image\/jpeg\" \/>\n<meta name=\"twitter:card\" content=\"summary_large_image\" \/>\n<script type=\"application\/ld+json\" class=\"yoast-schema-graph\">{\"@context\":\"https:\/\/schema.org\",\"@graph\":[{\"@type\":\"WebPage\",\"@id\":\"https:\/\/hotelgranadacentro.com\/it\/vivi-granada\/\",\"url\":\"https:\/\/hotelgranadacentro.com\/it\/vivi-granada\/\",\"name\":\"Vivi Granada | Hotel Granada Centro\",\"isPartOf\":{\"@id\":\"https:\/\/hotelgranadacentro.com\/it\/#website\"},\"primaryImageOfPage\":{\"@id\":\"https:\/\/hotelgranadacentro.com\/it\/vivi-granada\/#primaryimage\"},\"image\":{\"@id\":\"https:\/\/hotelgranadacentro.com\/it\/vivi-granada\/#primaryimage\"},\"thumbnailUrl\":\"https:\/\/hotelgranadacentro.com\/wp-content\/uploads\/2023\/10\/miradores_granada.jpg\",\"datePublished\":\"2023-10-23T15:16:19+00:00\",\"dateModified\":\"2023-10-27T08:53:08+00:00\",\"description\":\"Conosci Granada con l'Hotel Granada Centro, il tuo alloggio nel cuore della citt\u00e0 che ti permette di conoscerla nel migliore dei modi.\",\"breadcrumb\":{\"@id\":\"https:\/\/hotelgranadacentro.com\/it\/vivi-granada\/#breadcrumb\"},\"inLanguage\":\"it-IT\",\"potentialAction\":[{\"@type\":\"ReadAction\",\"target\":[\"https:\/\/hotelgranadacentro.com\/it\/vivi-granada\/\"]}]},{\"@type\":\"ImageObject\",\"inLanguage\":\"it-IT\",\"@id\":\"https:\/\/hotelgranadacentro.com\/it\/vivi-granada\/#primaryimage\",\"url\":\"https:\/\/hotelgranadacentro.com\/wp-content\/uploads\/2023\/10\/miradores_granada.jpg\",\"contentUrl\":\"https:\/\/hotelgranadacentro.com\/wp-content\/uploads\/2023\/10\/miradores_granada.jpg\",\"width\":1000,\"height\":668,\"caption\":\"mirador Granada\"},{\"@type\":\"BreadcrumbList\",\"@id\":\"https:\/\/hotelgranadacentro.com\/it\/vivi-granada\/#breadcrumb\",\"itemListElement\":[{\"@type\":\"ListItem\",\"position\":1,\"name\":\"Portada\",\"item\":\"https:\/\/hotelgranadacentro.com\/it\/\"},{\"@type\":\"ListItem\",\"position\":2,\"name\":\"Vivi Granada\"}]},{\"@type\":\"WebSite\",\"@id\":\"https:\/\/hotelgranadacentro.com\/it\/#website\",\"url\":\"https:\/\/hotelgranadacentro.com\/it\/\",\"name\":\"Hotel Granada Centro\",\"description\":\"Hotel en el centro de Granada\",\"alternateName\":\"Hotel Granada Centro Navarrete\",\"potentialAction\":[{\"@type\":\"SearchAction\",\"target\":{\"@type\":\"EntryPoint\",\"urlTemplate\":\"https:\/\/hotelgranadacentro.com\/it\/?s={search_term_string}\"},\"query-input\":{\"@type\":\"PropertyValueSpecification\",\"valueRequired\":true,\"valueName\":\"search_term_string\"}}],\"inLanguage\":\"it-IT\"}]}<\/script>\n<!-- \/ Yoast SEO plugin. -->","yoast_head_json":{"title":"Vivi Granada | Hotel Granada Centro","description":"Conosci Granada con l'Hotel Granada Centro, il tuo alloggio nel cuore della citt\u00e0 che ti permette di conoscerla nel migliore dei modi.","robots":{"index":"index","follow":"follow","max-snippet":"max-snippet:-1","max-image-preview":"max-image-preview:large","max-video-preview":"max-video-preview:-1"},"canonical":"https:\/\/hotelgranadacentro.com\/it\/vivi-granada\/","og_locale":"it_IT","og_type":"article","og_title":"Vivi Granada | Hotel Granada Centro","og_description":"Conosci Granada con l'Hotel Granada Centro, il tuo alloggio nel cuore della citt\u00e0 che ti permette di conoscerla nel migliore dei modi.","og_url":"https:\/\/hotelgranadacentro.com\/it\/vivi-granada\/","og_site_name":"Hotel Granada Centro","article_modified_time":"2023-10-27T08:53:08+00:00","og_image":[{"width":1000,"height":668,"url":"https:\/\/hotelgranadacentro.com\/wp-content\/uploads\/2023\/10\/miradores_granada.jpg","type":"image\/jpeg"}],"twitter_card":"summary_large_image","schema":{"@context":"https:\/\/schema.org","@graph":[{"@type":"WebPage","@id":"https:\/\/hotelgranadacentro.com\/it\/vivi-granada\/","url":"https:\/\/hotelgranadacentro.com\/it\/vivi-granada\/","name":"Vivi Granada | Hotel Granada Centro","isPartOf":{"@id":"https:\/\/hotelgranadacentro.com\/it\/#website"},"primaryImageOfPage":{"@id":"https:\/\/hotelgranadacentro.com\/it\/vivi-granada\/#primaryimage"},"image":{"@id":"https:\/\/hotelgranadacentro.com\/it\/vivi-granada\/#primaryimage"},"thumbnailUrl":"https:\/\/hotelgranadacentro.com\/wp-content\/uploads\/2023\/10\/miradores_granada.jpg","datePublished":"2023-10-23T15:16:19+00:00","dateModified":"2023-10-27T08:53:08+00:00","description":"Conosci Granada con l'Hotel Granada Centro, il tuo alloggio nel cuore della citt\u00e0 che ti permette di conoscerla nel migliore dei modi.","breadcrumb":{"@id":"https:\/\/hotelgranadacentro.com\/it\/vivi-granada\/#breadcrumb"},"inLanguage":"it-IT","potentialAction":[{"@type":"ReadAction","target":["https:\/\/hotelgranadacentro.com\/it\/vivi-granada\/"]}]},{"@type":"ImageObject","inLanguage":"it-IT","@id":"https:\/\/hotelgranadacentro.com\/it\/vivi-granada\/#primaryimage","url":"https:\/\/hotelgranadacentro.com\/wp-content\/uploads\/2023\/10\/miradores_granada.jpg","contentUrl":"https:\/\/hotelgranadacentro.com\/wp-content\/uploads\/2023\/10\/miradores_granada.jpg","width":1000,"height":668,"caption":"mirador Granada"},{"@type":"BreadcrumbList","@id":"https:\/\/hotelgranadacentro.com\/it\/vivi-granada\/#breadcrumb","itemListElement":[{"@type":"ListItem","position":1,"name":"Portada","item":"https:\/\/hotelgranadacentro.com\/it\/"},{"@type":"ListItem","position":2,"name":"Vivi Granada"}]},{"@type":"WebSite","@id":"https:\/\/hotelgranadacentro.com\/it\/#website","url":"https:\/\/hotelgranadacentro.com\/it\/","name":"Hotel Granada Centro","description":"Hotel en el centro de Granada","alternateName":"Hotel Granada Centro Navarrete","potentialAction":[{"@type":"SearchAction","target":{"@type":"EntryPoint","urlTemplate":"https:\/\/hotelgranadacentro.com\/it\/?s={search_term_string}"},"query-input":{"@type":"PropertyValueSpecification","valueRequired":true,"valueName":"search_term_string"}}],"inLanguage":"it-IT"}]}},"uagb_featured_image_src":{"full":["https:\/\/hotelgranadacentro.com\/wp-content\/uploads\/2023\/10\/miradores_granada.jpg",1000,668,false],"thumbnail":["https:\/\/hotelgranadacentro.com\/wp-content\/uploads\/2023\/10\/miradores_granada-150x150.jpg",150,150,true],"medium":["https:\/\/hotelgranadacentro.com\/wp-content\/uploads\/2023\/10\/miradores_granada-300x200.jpg",300,200,true],"medium_large":["https:\/\/hotelgranadacentro.com\/wp-content\/uploads\/2023\/10\/miradores_granada-768x513.jpg",768,513,true],"large":["https:\/\/hotelgranadacentro.com\/wp-content\/uploads\/2023\/10\/miradores_granada.jpg",1000,668,false],"1536x1536":["https:\/\/hotelgranadacentro.com\/wp-content\/uploads\/2023\/10\/miradores_granada.jpg",1000,668,false],"2048x2048":["https:\/\/hotelgranadacentro.com\/wp-content\/uploads\/2023\/10\/miradores_granada.jpg",1000,668,false]},"uagb_author_info":{"display_name":"@nubeseo","author_link":"https:\/\/hotelgranadacentro.com\/it\/vive-granada\/author\/nubeseo\/"},"uagb_comment_info":0,"uagb_excerpt":null,"_links":{"self":[{"href":"https:\/\/hotelgranadacentro.com\/it\/wp-json\/wp\/v2\/pages\/1719","targetHints":{"allow":["GET"]}}],"collection":[{"href":"https:\/\/hotelgranadacentro.com\/it\/wp-json\/wp\/v2\/pages"}],"about":[{"href":"https:\/\/hotelgranadacentro.com\/it\/wp-json\/wp\/v2\/types\/page"}],"author":[{"embeddable":true,"href":"https:\/\/hotelgranadacentro.com\/it\/wp-json\/wp\/v2\/users\/1"}],"replies":[{"embeddable":true,"href":"https:\/\/hotelgranadacentro.com\/it\/wp-json\/wp\/v2\/comments?post=1719"}],"version-history":[{"count":1,"href":"https:\/\/hotelgranadacentro.com\/it\/wp-json\/wp\/v2\/pages\/1719\/revisions"}],"predecessor-version":[{"id":1720,"href":"https:\/\/hotelgranadacentro.com\/it\/wp-json\/wp\/v2\/pages\/1719\/revisions\/1720"}],"wp:featuredmedia":[{"embeddable":true,"href":"https:\/\/hotelgranadacentro.com\/it\/wp-json\/wp\/v2\/media\/1242"}],"wp:attachment":[{"href":"https:\/\/hotelgranadacentro.com\/it\/wp-json\/wp\/v2\/media?parent=1719"}],"curies":[{"name":"wp","href":"https:\/\/api.w.org\/{rel}","templated":true}]}}