{"id":1802,"date":"2023-07-10T12:06:58","date_gmt":"2023-07-10T10:06:58","guid":{"rendered":"https:\/\/condescending-hamilton.82-223-66-19.plesk.page\/?page_id=1802"},"modified":"2023-10-27T13:25:29","modified_gmt":"2023-10-27T11:25:29","slug":"politica-sulla-privacy","status":"publish","type":"page","link":"https:\/\/hotelgranadacentro.com\/it\/politica-sulla-privacy\/","title":{"rendered":"Politica sulla Privacy"},"content":{"rendered":"\n<div class=\"wp-block-cover alignfull\"><span aria-hidden=\"true\" class=\"wp-block-cover__background has-hgc-oro-background-color has-background-dim\"><\/span><img loading=\"lazy\" decoding=\"async\" width=\"1920\" height=\"1080\" class=\"wp-block-cover__image-background wp-image-252\" alt=\"\" src=\"https:\/\/hotelgranadacentro.com\/wp-content\/uploads\/2023\/07\/portada_legal_granada.webp\" data-object-fit=\"cover\" srcset=\"https:\/\/hotelgranadacentro.com\/wp-content\/uploads\/2023\/07\/portada_legal_granada.webp 1920w, https:\/\/hotelgranadacentro.com\/wp-content\/uploads\/2023\/07\/portada_legal_granada-300x169.webp 300w, https:\/\/hotelgranadacentro.com\/wp-content\/uploads\/2023\/07\/portada_legal_granada-1024x576.webp 1024w, https:\/\/hotelgranadacentro.com\/wp-content\/uploads\/2023\/07\/portada_legal_granada-768x432.webp 768w, https:\/\/hotelgranadacentro.com\/wp-content\/uploads\/2023\/07\/portada_legal_granada-1536x864.webp 1536w\" sizes=\"auto, (max-width: 1920px) 100vw, 1920px\" \/><div class=\"wp-block-cover__inner-container is-layout-flow wp-block-cover-is-layout-flow\">\n<div style=\"height:64px\" aria-hidden=\"true\" class=\"wp-block-spacer\"><\/div>\n\n\n\n<div class=\"wp-block-uagb-advanced-heading uagb-block-ef42ec4e\"><h1 class=\"uagb-heading-text\">Politica sulla Privacy<\/h1><\/div>\n<\/div><\/div>\n\n\n\n<div class=\"wp-block-group alignwide is-layout-flow wp-block-group-is-layout-flow\">\n<p>Con questa politica sulla privacy, vi informiamo del trattamento dei dati personali che fornite o fornirete durante la vostra navigazione, nel caso in cui decidiate di continuare a navigare. Inoltre, questa politica include le nostre disposizioni sulla protezione dei dati, nei casi in cui facciamo riferimento esplicito ad esse.<\/p>\n\n\n\n<p>Responsabile del Trattamento<\/p>\n\n\n\n<p>Il Responsabile del trattamento e l&#8217;ente proprietario del dominio <a href=\"https:\/\/hotelgranadacentro.com\/\">www.hotelgranadacentro.com<\/a> (di seguito, il Sito Web) \u00e8 ALHAMBRA HOTELES 2001 SL, con sede in C\/NAVARRETE 7 C.P: 18001 &#8211; GRANADA (SPAGNA), e con CIF n\u00ba: B18595959.<\/p>\n\n\n\n<p>Contatti: Telefono: (+34) 958 27 88 24 \u2013 (+34) 679 550 000 Email: <a href=\"mailto:info@hotelgranadacentro.com\">info@hotelgranadacentro.com<\/a><\/p>\n\n\n\n<h2 class=\"wp-block-heading\">Finalit\u00e0 del Trattamento e Legittimazione<\/h2>\n\n\n\n<p>Di seguito, vi informiamo sulle diverse finalit\u00e0 del trattamento dei vostri dati e sulla loro legittimazione corrispondente:<\/p>\n\n\n\n<p>a) Modulo &#8220;Contatti&#8221;. I dati che fornite tramite il modulo di contatto messo a vostra disposizione sul Sito Web saranno trattati al fine di risolvere le vostre domande o richieste e fornirvi i servizi da voi richiesti. La base di legittimazione \u00e8 il consenso prestato.<\/p>\n\n\n\n<p>b) &#8220;Prenotazioni&#8221;: I dati personali forniti in questa sezione saranno trattati al fine di gestire le prenotazioni da voi richieste. I dati personali forniti saranno conservati solo per la durata del nostro rapporto contrattuale e saranno bloccati una volta terminato tale rapporto, per il periodo stabilito dalla legge, a disposizione esclusivamente dei tribunali e dei giudici per eventuali reclami, dopo di che tali dati saranno cancellati. La base legale per il trattamento dei vostri dati \u00e8 l&#8217;adempimento degli obblighi contrattuali da voi assunti nel richiedere i nostri servizi.<\/p>\n\n\n\n<p>c) Modulo &#8220;Iscriviti&#8221;. Vi informiamo che i dati personali forniti potranno essere trattati al fine di inviarvi comunicazioni informative e di altro tipo (offerte, ecc.) per le quali \u00e8 necessario selezionare la casella abilitata a tale scopo accettando la politica sulla privacy e fornendo il vostro consenso. I dati forniti saranno conservati a tale scopo fino a quando non richiederete l&#8217;interruzione degli invii pubblicitari. Avrete il diritto di revocare il vostro consenso in qualsiasi momento. La revoca del consenso non influir\u00e0 sulla liceit\u00e0 del trattamento basato sul consenso prestato precedentemente alla sua revoca.<\/p>\n\n\n\n<p>d) Rispondere alle domande che ci rivolgete in relazione all&#8217;esercizio dei diritti di cui vi informeremo in seguito. La base di legittimazione \u00e8 l&#8217;adempimento degli obblighi legali da parte nostra. Nell&#8217;adempimento di questi obblighi, potremo comunicare i vostri dati alle Pubbliche Amministrazioni e ai tribunali, qualora tali informazioni siano richieste in conformit\u00e0 ai processi legali stabiliti.<\/p>\n\n\n\n<p>e) Nel caso in cui ci inviaste il vostro curriculum tramite e-mail, ci autorizzate ad analizzare i dati e i documenti in esso contenuti. Tali dati saranno conservati per un massimo di sei mesi, a meno che non ci indichiate diversamente. La base di legittimazione \u00e8 il consenso prestato.<\/p>\n\n\n\n<p>f) Abbiamo profili sui principali social media, i cui link troverete sul sito Web, e siamo responsabili del trattamento dei dati dei nostri follower, fan, iscritti, commentatori e altri utenti (di seguito, follower). Il trattamento che effettueremo di questi dati sar\u00e0 al massimo quello consentito dal social media. Pertanto, potremo informarvi attraverso i mezzi consentiti sulle nostre notizie, attivit\u00e0, promozioni. In nessun caso estrarremo dati a meno che otteniamo il tuo consenso esplicito e puntuale per farlo. Quando, a causa della natura stessa dei social media, l&#8217;effettivo esercizio dei tuoi diritti come follower dipende dalla modifica del tuo profilo personale.<\/p>\n\n\n\n<p>Informazioni aggiuntive: Potete richiedere ulteriori informazioni dettagliate sulla Protezione dei Dati nei nostri Registri di Trattamento inviando un&#8217;e-mail a <a href=\"mailto:info@hotelgranadacentro.com\">info@hotelgranadacentro.com<\/a>.<\/p>\n\n\n\n<p>In caso di esistenza di servizi o applicazioni, essi avranno le loro condizioni particolari con previsioni specifiche in materia di protezione dei dati personali. La loro lettura e accettazione \u00e8 indispensabile prima di richiedere il servizio in questione.<\/p>\n\n\n\n<h2 class=\"wp-block-heading\">Veridicit\u00e0 dei Dati e Periodo di Conservazione<\/h2>\n\n\n\n<p>L&#8217;Utente deve fornire informazioni veritiere quando compila i moduli contenuti nel Sito Web con i propri dati personali e mantenerli aggiornati in modo che rispecchino sempre la sua situazione reale. L&#8217;Utente sar\u00e0 l&#8217;unico responsabile delle dichiarazioni false o inesatte che effettuer\u00e0 e dei danni che ci\u00f2 potr\u00e0 causare al Fornitore o a terzi a causa delle informazioni fornite. Inoltre, l&#8217;Utente deve essere adeguatamente autorizzato a fornire dati di terzi. Solo se avete il consenso dei futuri ospiti, potete fornire tali dati al Fornitore. Pertanto, sotto la vostra esclusiva responsabilit\u00e0, vi impegnate a informare tali persone del contenuto della nostra Politica sulla Privacy prima di fornire le informazioni personali.<\/p>\n\n\n\n<p>I dati da voi forniti saranno conservati finch\u00e9 esiste un interesse reciproco a mantenere lo scopo del trattamento. Saranno bloccati quando non saranno pi\u00f9 necessari per lo scopo per cui sono stati raccolti o quando eserciterete il vostro diritto di cancellazione, cancellazione e\/o limitazione del trattamento. Trascorso questo periodo, i dati saranno eliminati in conformit\u00e0 con la normativa sulla protezione dei dati, il che implica il loro blocco. Saranno a disposizione esclusiva dei giudici e dei tribunali, del Ministero Pubblico e delle autorit\u00e0 competenti, in particolare dell&#8217;Agenzia per la Protezione dei Dati, per affrontare le responsabilit\u00e0 derivanti dal trattamento, per il periodo di prescrizione di queste. Trascorso il periodo indicato, saranno distrutti con le misure di sicurezza adeguate per garantire la pseudonimizzazione o la distruzione totale degli stessi.<\/p>\n\n\n\n<p>Oltre al trattamento generale di cui sopra, si osserver\u00e0 il periodo di conservazione di quattro anni (Art. 66 e seguenti della Legge Generale Tributaria) e di sei anni per i libri contabili e le fatture (Art. 30 del Codice di Commercio).<\/p>\n\n\n\n<p>I Vostri Diritti<\/p>\n\n\n\n<p>La normativa sulla protezione dei dati vi conferisce i seguenti diritti in relazione al trattamento dei dati personali:<\/p>\n\n\n\n<p>Diritto di accesso: diritto di accedere ai vostri dati personali per sapere quali dati sono oggetto di trattamento e le operazioni di trattamento effettuate su di essi.<\/p>\n\n\n\n<p>Diritto di rettifica: possibilit\u00e0 di richiedere la modifica dei vostri dati se sono inesatti o non veritieri.<\/p>\n\n\n\n<p>Diritto alla portabilit\u00e0 dei dati: possibilit\u00e0 di ottenere una copia dei dati trattati in un formato interoperabile.<\/p>\n\n\n\n<p>Diritto alla limitazione del trattamento: in determinate circostanze, gli interessati possono chiedere la limitazione del trattamento dei loro dati, nel qual caso saranno conservati solo per l&#8217;esercizio o la difesa delle richieste.<\/p>\n\n\n\n<p>Diritto di cancellazione: possibilit\u00e0 di richiedere la cancellazione dei vostri dati quando il trattamento non \u00e8 pi\u00f9 necessario.<\/p>\n\n\n\n<p>Diritto di opposizione: possibilit\u00e0 di chiedere di interrompere l&#8217;invio di comunicazioni commerciali secondo le modalit\u00e0 previste.<\/p>\n\n\n\n<p>Diritto di revocare il consenso prestato.<\/p>\n\n\n\n<p>Per esercitare questi diritti, \u00e8 necessario inviare una richiesta esplicita, insieme a una copia del vostro documento d&#8217;identit\u00e0 o di un documento equivalente valido, attraverso i seguenti mezzi:<\/p>\n\n\n\n<p>E-MAIL inviato all&#8217;indirizzo <a href=\"mailto:info@hotelgranadacentro.com\">info@hotelgranadacentro.com<\/a> con l&#8217;oggetto &#8220;Protezione dei Dati&#8221;. Questo invio dovr\u00e0 essere effettuato dall&#8217;indirizzo di posta elettronica che avete inserito nei nostri moduli. In caso contrario, le vostre richieste non saranno prese in considerazione, poich\u00e9 non si riterr\u00e0 sufficientemente provata la vostra identit\u00e0.<\/p>\n\n\n\n<p>PER POSTA: Indirizzato a C\/NAVARRETE 7 C.P: 18001 &#8211; GRANADA (SPAGNA)<\/p>\n\n\n\n<p>Se, in risposta alla richiesta presentata, non ricevete una risposta tempestiva e soddisfacente da parte del Fornitore, o se non ne siete soddisfatti, vi informiamo che l&#8217;autorit\u00e0 di controllo competente \u00e8 l&#8217;Agenzia Spagnola per la Protezione dei Dati (<a href=\"http:\/\/www.aepd.es\/\">www.aepd.es<\/a>). Sul suo sito web potrete trovare una serie di modelli che vi aiuteranno nell&#8217;esercizio dei vostri diritti.<\/p>\n\n\n\n<p>Destinatari<\/p>\n\n\n\n<p>Si informa espressamente gli utenti che i loro dati personali non saranno trasferiti in nessun caso a terzi, tranne che per obblighi di legge. Qualsiasi eccezione a questa regola richieder\u00e0 il vostro preventivo consenso esplicito e inequivocabile.<\/p>\n\n\n\n<p>La prenotazione dell&#8217;hotel che avete contrattato viene gestita attraverso una piattaforma di prenotazioni di propriet\u00e0 e gestita da OPEN ROOM TOURISM TECHNOLOGY S.L., NIF B57761470, con sede in C\/Gremi d Hortalans 11 &#8211; Bloque 7 &#8211; 2\u00aaPlanta &#8211; 07009, Palma de Mallorca (Isole Baleari), telefono 971 227 997 e indirizzo email <a href=\"mailto:commercial@open-room.com\">commercial@open-room.com<\/a>. Questa entit\u00e0 \u00e8 registrata presso il Registro delle Imprese delle Isole Baleari, al tomo 2501, foglio 97, sezione 1, H PM 69822.<\/p>\n\n\n\n<p>Tuttavia, durante il processo di prenotazione da parte di openROOM, dovete essere consapevoli che tutti i dati personali che dovete fornire per la gestione della vostra prenotazione non vengono utilizzati per alcuna finalit\u00e0 propria di questa azienda, ma vengono trattati per conto e nell&#8217;interesse della societ\u00e0 gestore dell&#8217;hotel in cui desiderate prenotare, con Alhambra Hoteles 2001, S.L. come responsabile del trattamento.<\/p>\n\n\n\n<h2 class=\"wp-block-heading\">Misure di Sicurezza<\/h2>\n\n\n\n<p>In conformit\u00e0 alle normative vigenti sulla protezione dei dati personali (Regolamento (UE) 2016\/679 del Parlamento Europeo e del Consiglio del 27 aprile 2016 e Legge Organica 3\/2018, del 5 dicembre, sulla protezione dei dati personali e dei diritti digitali), il Fornitore aderisce a tutte le disposizioni del RGPD e della LOPDGDD per il trattamento dei dati personali di propria competenza, e aderisce in modo esplicito ai principi descritti nell&#8217;articolo 5 del RGPD, secondo i quali i dati devono essere trattati in modo lecito, corretto e trasparente rispetto all&#8217;interessato e devono essere adeguati, pertinenti e limitati a quanto necessario rispetto alle finalit\u00e0 per le quali sono trattati.<\/p>\n\n\n\n<p>Sono state adottate politiche tecniche e organizzative appropriate per proteggere i vostri diritti e le vostre libert\u00e0, fornendovi tutte le informazioni necessarie per esercitare i diritti che vi spettano. Tuttavia, dovete essere consapevoli che le misure di sicurezza su Internet non sono inviolabili.<\/p>\n\n\n\n<p>Questo sito web utilizza HTTPS (connessione sicura). Si tratta di un protocollo di sicurezza che consente la trasmissione dei dati in modo integro e sicuro, ovvero la trasmissione dei dati tra un server e un utente web, e viceversa, \u00e8 completamente crittografata o codificata.<\/p>\n\n\n\n<h2 class=\"wp-block-heading\"><br>Minori di et\u00e0<\/h2>\n\n\n\n<p>I minori di et\u00e0 (14 anni) non possono utilizzare i servizi disponibili tramite il Sito Web senza l&#8217;autorizzazione preventiva dei loro genitori, tutori o rappresentanti legali, che saranno gli unici responsabili di tutti gli atti compiuti tramite il Sito Web dai minori a loro carico, compresa la compilazione dei moduli con i dati personali di tali minori e la selezione, se del caso, delle caselle che li accompagnano. Il Fornitore non si assume responsabilit\u00e0 per la veridicit\u00e0 e l&#8217;accuratezza dei dati forniti.<\/p>\n\n\n\n<p>Il trattamento dei dati personali di un minore di et\u00e0 pu\u00f2 essere basato solo sul suo consenso quando ha pi\u00f9 di quattordici anni.<\/p>\n\n\n\n<p>Si fanno eccezione i casi in cui la legge richieda la partecipazione dei titolari della potest\u00e0 genitoriale o della tutela per la celebrazione dell&#8217;atto o dell&#8217;affare giuridico nel contesto del quale si richiede il consenso per il trattamento.<\/p>\n\n\n\n<p>Il trattamento dei dati dei minori di quattordici anni, basato sul consenso, sar\u00e0 lecito solo se \u00e8 confermato dal titolare della potest\u00e0 genitoriale o della tutela, con la portata stabilita dai titolari della potest\u00e0 genitoriale o della tutela.<\/p>\n\n\n\n<h2 class=\"wp-block-heading\">Durata e Modifica della Politica sulla Privacy<\/h2>\n\n\n\n<p>Il Fornitore si riserva il diritto di modificare la presente Politica sulla Privacy, in tutto o in parte, pubblicando le modifiche sul Sito Web. Inoltre, i contenuti e i servizi forniti, cos\u00ec come la loro presentazione, possono essere modificati, eliminati o aggiunti senza preavviso. Pertanto, le Politiche pubblicate al momento dell&#8217;accesso saranno considerate in vigore, e pertanto dovrai leggerle periodicamente.<\/p>\n\n\n\n<p>Indipendentemente da quanto sopra, si potr\u00e0 terminare, sospendere o interrompere in qualsiasi momento, senza preavviso, l&#8217;accesso ai contenuti del Sito Web, senza che l&#8217;Utente possa richiedere alcun risarcimento.<\/p>\n<\/div>\n","protected":false},"excerpt":{"rendered":"<p>Con questa politica sulla privacy, vi informiamo del trattamento dei dati personali che fornite o fornirete durante la vostra navigazione, nel caso in cui decidiate di continuare a navigare. Inoltre, questa politica include le nostre disposizioni sulla protezione dei dati, nei casi in cui facciamo riferimento esplicito ad esse. Responsabile del Trattamento Il Responsabile del<a href=\"https:\/\/hotelgranadacentro.com\/it\/politica-sulla-privacy\/\">Continue reading <span class=\"sr-only\">&#8220;Politica sulla Privacy&#8221;<\/span><\/a><\/p>\n","protected":false},"author":1,"featured_media":0,"parent":0,"menu_order":0,"comment_status":"closed","ping_status":"closed","template":"","meta":{"_acf_changed":false,"_eb_attr":"","inline_featured_image":false,"_uag_custom_page_level_css":"","footnotes":""},"class_list":["post-1802","page","type-page","status-publish","hentry"],"acf":[],"yoast_head":"<!-- This site is optimized with the Yoast SEO plugin v27.2 - https:\/\/yoast.com\/product\/yoast-seo-wordpress\/ -->\n<title>Politica sulla Privacy | Hotel Granada Centro<\/title>\n<meta name=\"robots\" content=\"noindex, follow\" \/>\n<meta property=\"og:locale\" content=\"it_IT\" \/>\n<meta property=\"og:type\" content=\"article\" \/>\n<meta property=\"og:title\" content=\"Politica sulla Privacy | Hotel Granada Centro\" \/>\n<meta property=\"og:description\" content=\"Con questa politica sulla privacy, vi informiamo del trattamento dei dati personali che fornite o fornirete durante la vostra navigazione, nel caso in cui decidiate di continuare a navigare. Inoltre, questa politica include le nostre disposizioni sulla protezione dei dati, nei casi in cui facciamo riferimento esplicito ad esse. Responsabile del Trattamento Il Responsabile delContinue reading &quot;Politica sulla Privacy&quot;\" \/>\n<meta property=\"og:url\" content=\"https:\/\/hotelgranadacentro.com\/it\/politica-sulla-privacy\/\" \/>\n<meta property=\"og:site_name\" content=\"Hotel Granada Centro\" \/>\n<meta property=\"article:modified_time\" content=\"2023-10-27T11:25:29+00:00\" \/>\n<meta property=\"og:image\" content=\"https:\/\/hotelgranadacentro.com\/wp-content\/uploads\/2023\/07\/portada_legal_granada.webp\" \/>\n<meta name=\"twitter:card\" content=\"summary_large_image\" \/>\n<meta name=\"twitter:label1\" content=\"Tempo di lettura stimato\" \/>\n\t<meta name=\"twitter:data1\" content=\"9 minuti\" \/>\n<script type=\"application\/ld+json\" class=\"yoast-schema-graph\">{\"@context\":\"https:\/\/schema.org\",\"@graph\":[{\"@type\":\"WebPage\",\"@id\":\"https:\/\/hotelgranadacentro.com\/it\/politica-sulla-privacy\/\",\"url\":\"https:\/\/hotelgranadacentro.com\/it\/politica-sulla-privacy\/\",\"name\":\"Politica sulla Privacy | Hotel Granada Centro\",\"isPartOf\":{\"@id\":\"https:\/\/hotelgranadacentro.com\/it\/#website\"},\"primaryImageOfPage\":{\"@id\":\"https:\/\/hotelgranadacentro.com\/it\/politica-sulla-privacy\/#primaryimage\"},\"image\":{\"@id\":\"https:\/\/hotelgranadacentro.com\/it\/politica-sulla-privacy\/#primaryimage\"},\"thumbnailUrl\":\"https:\/\/hotelgranadacentro.com\/wp-content\/uploads\/2023\/07\/portada_legal_granada.webp\",\"datePublished\":\"2023-07-10T10:06:58+00:00\",\"dateModified\":\"2023-10-27T11:25:29+00:00\",\"breadcrumb\":{\"@id\":\"https:\/\/hotelgranadacentro.com\/it\/politica-sulla-privacy\/#breadcrumb\"},\"inLanguage\":\"it-IT\",\"potentialAction\":[{\"@type\":\"ReadAction\",\"target\":[\"https:\/\/hotelgranadacentro.com\/it\/politica-sulla-privacy\/\"]}]},{\"@type\":\"ImageObject\",\"inLanguage\":\"it-IT\",\"@id\":\"https:\/\/hotelgranadacentro.com\/it\/politica-sulla-privacy\/#primaryimage\",\"url\":\"https:\/\/hotelgranadacentro.com\/wp-content\/uploads\/2023\/07\/portada_legal_granada.webp\",\"contentUrl\":\"https:\/\/hotelgranadacentro.com\/wp-content\/uploads\/2023\/07\/portada_legal_granada.webp\"},{\"@type\":\"BreadcrumbList\",\"@id\":\"https:\/\/hotelgranadacentro.com\/it\/politica-sulla-privacy\/#breadcrumb\",\"itemListElement\":[{\"@type\":\"ListItem\",\"position\":1,\"name\":\"Portada\",\"item\":\"https:\/\/hotelgranadacentro.com\/it\/\"},{\"@type\":\"ListItem\",\"position\":2,\"name\":\"Politica sulla Privacy\"}]},{\"@type\":\"WebSite\",\"@id\":\"https:\/\/hotelgranadacentro.com\/it\/#website\",\"url\":\"https:\/\/hotelgranadacentro.com\/it\/\",\"name\":\"Hotel Granada Centro\",\"description\":\"Hotel en el centro de Granada\",\"alternateName\":\"Hotel Granada Centro Navarrete\",\"potentialAction\":[{\"@type\":\"SearchAction\",\"target\":{\"@type\":\"EntryPoint\",\"urlTemplate\":\"https:\/\/hotelgranadacentro.com\/it\/?s={search_term_string}\"},\"query-input\":{\"@type\":\"PropertyValueSpecification\",\"valueRequired\":true,\"valueName\":\"search_term_string\"}}],\"inLanguage\":\"it-IT\"}]}<\/script>\n<!-- \/ Yoast SEO plugin. -->","yoast_head_json":{"title":"Politica sulla Privacy | Hotel Granada Centro","robots":{"index":"noindex","follow":"follow"},"og_locale":"it_IT","og_type":"article","og_title":"Politica sulla Privacy | Hotel Granada Centro","og_description":"Con questa politica sulla privacy, vi informiamo del trattamento dei dati personali che fornite o fornirete durante la vostra navigazione, nel caso in cui decidiate di continuare a navigare. Inoltre, questa politica include le nostre disposizioni sulla protezione dei dati, nei casi in cui facciamo riferimento esplicito ad esse. Responsabile del Trattamento Il Responsabile delContinue reading \"Politica sulla Privacy\"","og_url":"https:\/\/hotelgranadacentro.com\/it\/politica-sulla-privacy\/","og_site_name":"Hotel Granada Centro","article_modified_time":"2023-10-27T11:25:29+00:00","og_image":[{"url":"https:\/\/hotelgranadacentro.com\/wp-content\/uploads\/2023\/07\/portada_legal_granada.webp","type":"","width":"","height":""}],"twitter_card":"summary_large_image","twitter_misc":{"Tempo di lettura stimato":"9 minuti"},"schema":{"@context":"https:\/\/schema.org","@graph":[{"@type":"WebPage","@id":"https:\/\/hotelgranadacentro.com\/it\/politica-sulla-privacy\/","url":"https:\/\/hotelgranadacentro.com\/it\/politica-sulla-privacy\/","name":"Politica sulla Privacy | Hotel Granada Centro","isPartOf":{"@id":"https:\/\/hotelgranadacentro.com\/it\/#website"},"primaryImageOfPage":{"@id":"https:\/\/hotelgranadacentro.com\/it\/politica-sulla-privacy\/#primaryimage"},"image":{"@id":"https:\/\/hotelgranadacentro.com\/it\/politica-sulla-privacy\/#primaryimage"},"thumbnailUrl":"https:\/\/hotelgranadacentro.com\/wp-content\/uploads\/2023\/07\/portada_legal_granada.webp","datePublished":"2023-07-10T10:06:58+00:00","dateModified":"2023-10-27T11:25:29+00:00","breadcrumb":{"@id":"https:\/\/hotelgranadacentro.com\/it\/politica-sulla-privacy\/#breadcrumb"},"inLanguage":"it-IT","potentialAction":[{"@type":"ReadAction","target":["https:\/\/hotelgranadacentro.com\/it\/politica-sulla-privacy\/"]}]},{"@type":"ImageObject","inLanguage":"it-IT","@id":"https:\/\/hotelgranadacentro.com\/it\/politica-sulla-privacy\/#primaryimage","url":"https:\/\/hotelgranadacentro.com\/wp-content\/uploads\/2023\/07\/portada_legal_granada.webp","contentUrl":"https:\/\/hotelgranadacentro.com\/wp-content\/uploads\/2023\/07\/portada_legal_granada.webp"},{"@type":"BreadcrumbList","@id":"https:\/\/hotelgranadacentro.com\/it\/politica-sulla-privacy\/#breadcrumb","itemListElement":[{"@type":"ListItem","position":1,"name":"Portada","item":"https:\/\/hotelgranadacentro.com\/it\/"},{"@type":"ListItem","position":2,"name":"Politica sulla Privacy"}]},{"@type":"WebSite","@id":"https:\/\/hotelgranadacentro.com\/it\/#website","url":"https:\/\/hotelgranadacentro.com\/it\/","name":"Hotel Granada Centro","description":"Hotel en el centro de Granada","alternateName":"Hotel Granada Centro Navarrete","potentialAction":[{"@type":"SearchAction","target":{"@type":"EntryPoint","urlTemplate":"https:\/\/hotelgranadacentro.com\/it\/?s={search_term_string}"},"query-input":{"@type":"PropertyValueSpecification","valueRequired":true,"valueName":"search_term_string"}}],"inLanguage":"it-IT"}]}},"uagb_featured_image_src":{"full":false,"thumbnail":false,"medium":false,"medium_large":false,"large":false,"1536x1536":false,"2048x2048":false},"uagb_author_info":{"display_name":"@nubeseo","author_link":"https:\/\/hotelgranadacentro.com\/it\/vive-granada\/author\/nubeseo\/"},"uagb_comment_info":0,"uagb_excerpt":"Con questa politica sulla privacy, vi informiamo del trattamento dei dati personali che fornite o fornirete durante la vostra navigazione, nel caso in cui decidiate di continuare a navigare. Inoltre, questa politica include le nostre disposizioni sulla protezione dei dati, nei casi in cui facciamo riferimento esplicito ad esse. Responsabile del Trattamento Il Responsabile delContinue&hellip;","_links":{"self":[{"href":"https:\/\/hotelgranadacentro.com\/it\/wp-json\/wp\/v2\/pages\/1802","targetHints":{"allow":["GET"]}}],"collection":[{"href":"https:\/\/hotelgranadacentro.com\/it\/wp-json\/wp\/v2\/pages"}],"about":[{"href":"https:\/\/hotelgranadacentro.com\/it\/wp-json\/wp\/v2\/types\/page"}],"author":[{"embeddable":true,"href":"https:\/\/hotelgranadacentro.com\/it\/wp-json\/wp\/v2\/users\/1"}],"replies":[{"embeddable":true,"href":"https:\/\/hotelgranadacentro.com\/it\/wp-json\/wp\/v2\/comments?post=1802"}],"version-history":[{"count":2,"href":"https:\/\/hotelgranadacentro.com\/it\/wp-json\/wp\/v2\/pages\/1802\/revisions"}],"predecessor-version":[{"id":1805,"href":"https:\/\/hotelgranadacentro.com\/it\/wp-json\/wp\/v2\/pages\/1802\/revisions\/1805"}],"wp:attachment":[{"href":"https:\/\/hotelgranadacentro.com\/it\/wp-json\/wp\/v2\/media?parent=1802"}],"curies":[{"name":"wp","href":"https:\/\/api.w.org\/{rel}","templated":true}]}}