{"id":2102,"date":"2023-07-10T12:01:07","date_gmt":"2023-07-10T10:01:07","guid":{"rendered":"https:\/\/hotelgranadacentro.test\/aviso-legal\/"},"modified":"2023-10-30T17:40:47","modified_gmt":"2023-10-30T16:40:47","slug":"avviso-legale","status":"publish","type":"page","link":"https:\/\/hotelgranadacentro.com\/it\/avviso-legale\/","title":{"rendered":"Avviso legale"},"content":{"rendered":"\n<div class=\"wp-block-cover alignfull\"><span aria-hidden=\"true\" class=\"wp-block-cover__background has-hgc-oro-background-color has-background-dim\"><\/span><img loading=\"lazy\" decoding=\"async\" width=\"1920\" height=\"1080\" class=\"wp-block-cover__image-background wp-image-252\" alt=\"\" src=\"https:\/\/hotelgranadacentro.com\/wp-content\/uploads\/2023\/07\/portada_legal_granada.webp\" data-object-fit=\"cover\" srcset=\"https:\/\/hotelgranadacentro.com\/wp-content\/uploads\/2023\/07\/portada_legal_granada.webp 1920w, https:\/\/hotelgranadacentro.com\/wp-content\/uploads\/2023\/07\/portada_legal_granada-300x169.webp 300w, https:\/\/hotelgranadacentro.com\/wp-content\/uploads\/2023\/07\/portada_legal_granada-1024x576.webp 1024w, https:\/\/hotelgranadacentro.com\/wp-content\/uploads\/2023\/07\/portada_legal_granada-768x432.webp 768w, https:\/\/hotelgranadacentro.com\/wp-content\/uploads\/2023\/07\/portada_legal_granada-1536x864.webp 1536w\" sizes=\"auto, (max-width: 1920px) 100vw, 1920px\" \/><div class=\"wp-block-cover__inner-container is-layout-flow wp-block-cover-is-layout-flow\">\n<div style=\"height:64px\" aria-hidden=\"true\" class=\"wp-block-spacer\"><\/div>\n\n\n\n<div class=\"wp-block-uagb-advanced-heading uagb-block-cc8fad97\"><h1 class=\"uagb-heading-text\">Avviso legale<\/h1><\/div>\n<\/div><\/div>\n\n\n\n<div class=\"wp-block-group alignwide is-layout-flow wp-block-group-is-layout-flow\">\n<h2 class=\"wp-block-heading\">Datos di Identificazione<\/h2>\n\n\n\n<p>Ragione Sociale: ALHAMBRA HOTELES 2001 SL<\/p>\n\n\n\n<p>Nome Commerciale: HOTEL GRANADA CENTRO NAVARRETE<\/p>\n\n\n\n<p>CIF: B18595959<\/p>\n\n\n\n<p>N. Registro: H\/GR\/01301 &#8211; 01\/07\/2009 N. Fascicolo: 2009\/GR\/000204<\/p>\n\n\n\n<p>Indirizzo: C\/NAVARRETE 7 CAP: 18001 &#8211; GRANADA (SPAGNA)<\/p>\n\n\n\n<p>Telefono: (+34) 958 27 88 24 \u2013 (+34) 679 550 000<\/p>\n\n\n\n<p>Email: <a href=\"mailto:info@hotelgranadacentro.com\">info@hotelgranadacentro.com<\/a><\/p>\n\n\n\n<p>Iscrizione della Societ\u00e0: Registro Mercantil di Granada, Tomo 978, Foglio 1 \u2013 Foglia GR- 19564 Iscrizione 1\u00aa.<\/p>\n\n\n\n<p>Dominio: <a href=\"https:\/\/hotelgranadacentro.com\/\">www.hotelgranadacentro.com<\/a><\/p>\n\n\n\n<h2 class=\"wp-block-heading\">Oggetto:<\/h2>\n\n\n\n<p>Il Sito Web \u00e8 di propriet\u00e0 di ALHAMBRA HOTELES 2001 S.L. (di seguito il &#8220;Fornitore&#8221;). Il presente avviso legale regola l&#8217;accesso e l&#8217;utilizzo del sito web ospitato sotto il nome di dominio <a href=\"https:\/\/hotelgranadacentro.com\/\">www.hotelgranadacentro.com<\/a> (di seguito il &#8220;Sito Web&#8221;).<\/p>\n\n\n\n<p>Il Fornitore fornisce i contenuti e i servizi disponibili sul Sito Web, soggetti alle presenti Condizioni Generali di Utilizzo e alla politica sulla gestione dei dati personali (di seguito &#8220;Politica sulla Privacy&#8221;).<\/p>\n\n\n\n<p>L&#8217;accesso a questo Sito Web o l&#8217;utilizzo in qualsiasi forma conferisce la qualifica di &#8220;Utente&#8221; e implica l&#8217;accettazione incondizionata di tutte le presenti Condizioni Generali di Utilizzo, riservandosi il Fornitore il diritto di modificarle in qualsiasi momento.<\/p>\n\n\n\n<p>Di conseguenza, sar\u00e0 responsabilit\u00e0 di ciascun Utente leggerle attentamente ogni volta che acceda a questo Sito Web; pertanto, se l&#8217;Utente non \u00e8 d&#8217;accordo con una qualsiasi delle disposizioni qui contenute, dovr\u00e0 astenersi dall&#8217;utilizzare il presente Sito Web.<\/p>\n\n\n\n<p>Inoltre, si avvisa che in determinate circostanze potrebbero essere stabilite condizioni particolari per l&#8217;uso sul Sito Web di contenuti e\/o servizi specifici. L&#8217;uso di tali contenuti o servizi comporter\u00e0 l&#8217;accettazione delle condizioni particolari specificate.<\/p>\n\n\n\n<h2 class=\"wp-block-heading\">Collegamenti ipertestuali:<\/h2>\n\n\n\n<p>Nel caso in cui il Sito Web includa collegamenti ipertestuali ad altri siti web gestiti da terzi, di cui il Fornitore non ha il controllo sui contenuti, non si assumono alcuna responsabilit\u00e0 nei loro confronti. In ogni caso, si proceder\u00e0 alla rimozione immediata del collegamento a tale sito web e di qualsiasi contenuto che possa contravvenire alla legislazione nazionale o internazionale, alla morale o all&#8217;ordine pubblico.<\/p>\n\n\n\n<h2 class=\"wp-block-heading\">Propriet\u00e0 intellettuale e industriale:<\/h2>\n\n\n\n<p>Il Sito Web, inclusi ma non limitati alla sua programmazione, modifica, compilazione e altri elementi necessari per il suo funzionamento, i disegni, i loghi, i testi e\/o la grafica, \u00e8 di propriet\u00e0 del Fornitore o, ove applicabile, \u00e8 disponibile una licenza o autorizzazione dagli autori. Tutti i contenuti del Sito sono debitamente protetti dalla normativa spagnola e internazionale sulla propriet\u00e0 intellettuale e industriale, nonch\u00e9 registrati nei corrispondenti registri pubblici.<\/p>\n\n\n\n<p>Indipendentemente dallo scopo per cui sono destinati, la riproduzione totale o parziale, l&#8217;uso, lo sfruttamento, la distribuzione e la commercializzazione richiedono in ogni caso la previa autorizzazione scritta. Qualsiasi utilizzo non autorizzato sar\u00e0 considerato una grave violazione dei diritti di propriet\u00e0 intellettuale o industriale dell&#8217;autore. I disegni, i loghi, i testi e\/o la grafica diversi dal Fornitore e che potrebbero apparire sul Sito appartengono ai rispettivi proprietari, i quali sono essi stessi responsabili di ogni eventuale controversia che possa sorgere al riguardo.<\/p>\n\n\n\n<p>Per effettuare qualsiasi tipo di osservazione riguardante possibili violazioni dei diritti di propriet\u00e0 intellettuale o industriale, nonch\u00e9 qualsiasi contenuto del Sito Web, \u00e8 possibile inviare un&#8217;e-mail a info@hotelgranadacentro.com<\/p>\n\n\n\n<p>Il Prestatore si riserva espressamente ogni azione civile e penale che dovesse sorgere in conseguenza della violazione del pacifico possesso e\/o titolarit\u00e0 non autorizzata di diritti di propriet\u00e0 industriale ed intellettuale.<\/p>\n\n\n\n<h2 class=\"wp-block-heading\">Responsabilit\u00e0 del Fornitore, Forza Maggiore e Obblighi dell&#8217;Utente:<\/h2>\n\n\n\n<p>Il Sito Web fornisce informazioni sui posti alberghieri liberi solo al momento della richiesta delle suddette informazioni, quindi se effettui la prenotazione online, stipulerai un contratto direttamente con ALHAMBRA HOTELES 2001 SL. (HOTEL GRANADA CENTRO NAVARRETE). La versione stampata della prenotazione effettuata funge da localizzatore quando ti rechi presso la struttura. La prenotazione di pernottamenti su questo Sito implica l&#8217;adesione e l&#8217;accettazione da parte dell&#8217;Utente di tutte le condizioni generali qui esposte. Accettando le seguenti clausole dichiari e accetti:<\/p>\n\n\n\n<p>1) Essere maggiorenne e avere la piena capacit\u00e0 di effettuare la prenotazione, dichiarando di comprendere e comprendere tutte le condizioni presenti sul Sito.<\/p>\n\n\n\n<p>2) Che i dati forniti al momento della prenotazione online sono veritieri, completi e concisi.<\/p>\n\n\n\n<p>3) Che l&#8217;accesso a questo Sito \u00e8 responsabilit\u00e0 dell&#8217;Utente.<\/p>\n\n\n\n<p>4) Che una volta effettuata la prenotazione, il documento informatico in cui \u00e8 stata formalizzata verr\u00e0 archiviato al quale potrai accedere in ogni momento.<\/p>\n\n\n\n<p>5) Che conferma la prenotazione effettuata, cio\u00e8 le date indicate, il numero di camere e di persone.<\/p>\n\n\n\n<p>6) Le condizioni ed il prezzo della prenotazione effettuata sono quelli espressamente determinati nelle condizioni tariffarie espressamente inserite nel Sito dove si effettua la prenotazione.<\/p>\n\n\n\n<p>7) In caso di pagamento in struttura i dati della vostra carta verranno raccolti a garanzia della prenotazione. Il pagamento verr\u00e0 effettuato in struttura e solo in caso di cancellazioni o no-show (no show), la prenotazione verr\u00e0 annullata e verr\u00e0 addebitato l&#8217;importo stabilito nelle condizioni tariffarie.<\/p>\n\n\n\n<p>8) Le offerte saranno valide solo finch\u00e9 resteranno accessibili ai destinatari del servizio.<\/p>\n\n\n\n<p>Il Fornitore potr\u00e0 interrompere il servizio o risolvere immediatamente il rapporto con l&#8217;Utente qualora rilevi che l&#8217;utilizzo del Sito o di uno qualsiasi dei servizi ivi offerti sia contrario alle presenti Condizioni Generali d&#8217;Uso.<\/p>\n\n\n\n<p>Questo sito Web \u00e8 stato rivisto e testato per funzionare correttamente. In linea di principio \u00e8 possibile garantire il corretto funzionamento 365 giorni all&#8217;anno, 24 ore su 24. Tuttavia, il Fornitore non esclude la possibilit\u00e0 che si verifichino casi di forza maggiore o eventi imprevisti che rendano impossibile l&#8217;accesso al Sito.<\/p>\n\n\n\n<p>Pertanto, il Fornitore non garantisce l&#8217;accesso continuo, n\u00e9 la corretta visualizzazione, download o utilizzo degli elementi e delle informazioni contenuti nel Sito, che potrebbero essere impediti, difficili o interrotti da fattori o circostanze che sfuggono al suo controllo.<\/p>\n\n\n\n<p>Il Fornitore non \u00e8 responsabile per danni, perdite, reclami o spese derivanti dall&#8217;utilizzo del Sito. Sarai unicamente responsabile dell&#8217;eliminazione, nel pi\u00f9 breve tempo possibile, dei contenuti che potrebbero causare tale danno, a condizione che venga notificato.<\/p>\n\n\n\n<p>In particolare, non sar\u00e0 responsabile per eventuali danni che potrebbero derivare, tra gli altri, da:<\/p>\n\n\n\n<p>Interferenze, interruzioni, guasti, omissioni, guasti telefonici, ritardi, blocchi o disconnessioni nel funzionamento del sistema elettronico, causati da carenze, sovraccarichi ed errori nelle linee e reti di telecomunicazioni, o da qualsiasi altra causa indipendente dal controllo del Fornitore.<\/p>\n\n\n\n<p>Intrusioni illegittime mediante l&#8217;utilizzo di programmi dannosi di qualsiasi tipo e mediante qualsiasi mezzo di comunicazione, quali virus informatici o di altro tipo.<\/p>\n\n\n\n<h2 class=\"wp-block-heading\">Abuso improprio o inappropriato del Sito.<\/h2>\n\n\n\n<p>Errori di sicurezza o di navigazione causati da un malfunzionamento del browser o dall&#8217;utilizzo di versioni non aggiornate dello stesso.<\/p>\n\n\n\n<p>Conflitti sociali, scioperi, ribellioni, esplosioni, inondazioni, atti e omissioni del governo.<\/p>\n\n\n\n<p>L&#8217;Utente si impegna a fare un uso appropriato e lecito del Sito Web, nonch\u00e9 dei contenuti e dei servizi, in conformit\u00e0 con la legislazione in ogni momento applicabile; le Condizioni d&#8217;Uso del Sito; morale generalmente accettata, buoni costumi e ordine pubblico.<\/p>\n\n\n\n<p>L&#8217;Utente deve fornire informazioni veritiere quando completa i moduli contenuti nel Sito Web con i propri dati personali e mantenerli sempre aggiornati in modo che risponda alla sua situazione reale.<\/p>\n\n\n\n<p>L&#8217;utente sar\u00e0 l&#8217;unico responsabile per eventuali dichiarazioni false o inesatte rese e per eventuali danni causati al Fornitore o a Terzi a causa delle informazioni fornite.<\/p>\n\n\n\n<p>Tuttavia, come stabilito nella sezione precedente, l\u2019Utente dovr\u00e0 anche astenersi dal:<\/p>\n\n\n\n<p>Fare un uso non autorizzato o fraudolento del Sito e\/o dei suoi contenuti, per scopi o effetti illeciti, vietati nelle presenti Condizioni Generali d&#8217;Uso, lesivi dei diritti e degli interessi di terzi, o che in qualsiasi modo possano danneggiare, rendere inutilizzabile. , sovraccaricare, deteriorare o impedire il normale utilizzo dei servizi o dei documenti, file e tutti i tipi di contenuti archiviati su qualsiasi apparecchiatura informatica.<\/p>\n\n\n\n<p>Se il Fornitore non rispetta, per negligenza o intenzionalmente, uno qualsiasi degli obblighi stabiliti nelle presenti Condizioni Generali d&#8217;Uso, sar\u00e0 responsabile di tutti i danni che potrebbero derivare da tale inadempienza.<\/p>\n\n\n\n<h2 class=\"wp-block-heading\">Durata e risoluzione:<\/h2>\n\n\n\n<p>La fornitura del servizio di questo Sito Web e degli altri servizi hanno in linea di principio una durata indefinita. Tuttavia, il Fornitore pu\u00f2 terminare o sospendere qualsiasi servizio del portale. Quando possibile, il Fornitore annuncer\u00e0 la cessazione o la sospensione della fornitura del servizio specifico.<\/p>\n\n\n\n<p>Soluzione della disputa. Legge applicabile e giurisdizione<\/p>\n\n\n\n<p>Le presenti Condizioni Generali d&#8217;Uso del Sito saranno regolate dalla legislazione spagnola. Qualsiasi controversia sar\u00e0 risolta davanti alle Corti e ai Tribunali della citt\u00e0 di Granada. Nel caso in cui qualsiasi previsione delle presenti Condizioni Generali d&#8217;Uso sia inapplicabile o nulla ai sensi della legislazione applicabile o in conseguenza di una risoluzione giudiziaria o amministrativa, detta inapplicabilit\u00e0 o nullit\u00e0 non render\u00e0 le presenti Condizioni Generali d&#8217;Uso inapplicabili o nulle. Totale. In tali casi, il Fornitore proceder\u00e0 a modificare o sostituire tale clausola con un&#8217;altra valida e applicabile e che, per quanto possibile, raggiunga l&#8217;obiettivo e l&#8217;intento riflessi nella clausola originale.<\/p>\n\n\n\n<h2 class=\"wp-block-heading\"><strong>politica sulla riservatezza<\/strong><\/h2>\n\n\n\n<p>In virt\u00f9 di quanto previsto dalla normativa applicabile in materia di protezione dei dati, tutti i dati personali forniti dall&#8217;Utente tramite i moduli corrispondenti durante l&#8217;utilizzo del Sito Web saranno trattati dal Fornitore in conformit\u00e0 con quanto previsto dalla Politica sulla Privacy.Privacy del Sito Web.<\/p>\n\n\n\n<p>Il Fornitore tratter\u00e0 i dati personali dell&#8217;Utente in modo confidenziale e in conformit\u00e0 con le norme applicabili sulla protezione dei dati e non li divulgher\u00e0 a terzi, a meno che ci\u00f2 non sia necessario per l&#8217;adempimento degli obblighi contrattuali e degli obblighi legali.<\/p>\n<\/div>\n","protected":false},"excerpt":{"rendered":"<p>Datos di Identificazione Ragione Sociale: ALHAMBRA HOTELES 2001 SL Nome Commerciale: HOTEL GRANADA CENTRO NAVARRETE CIF: B18595959 N. Registro: H\/GR\/01301 &#8211; 01\/07\/2009 N. Fascicolo: 2009\/GR\/000204 Indirizzo: C\/NAVARRETE 7 CAP: 18001 &#8211; GRANADA (SPAGNA) Telefono: (+34) 958 27 88 24 \u2013 (+34) 679 550 000 Email: info@hotelgranadacentro.com Iscrizione della Societ\u00e0: Registro Mercantil di Granada, Tomo 978,<a href=\"https:\/\/hotelgranadacentro.com\/it\/avviso-legale\/\">Continue reading <span class=\"sr-only\">&#8220;Avviso legale&#8221;<\/span><\/a><\/p>\n","protected":false},"author":1,"featured_media":0,"parent":0,"menu_order":0,"comment_status":"closed","ping_status":"closed","template":"","meta":{"_acf_changed":false,"_eb_attr":"","inline_featured_image":false,"_uag_custom_page_level_css":"","footnotes":""},"class_list":["post-2102","page","type-page","status-publish","hentry"],"acf":[],"yoast_head":"<!-- This site is optimized with the Yoast SEO plugin v27.2 - https:\/\/yoast.com\/product\/yoast-seo-wordpress\/ -->\n<title>Avviso legale | Hotel Granada Centro<\/title>\n<meta name=\"robots\" content=\"noindex, follow\" \/>\n<meta property=\"og:locale\" content=\"it_IT\" \/>\n<meta property=\"og:type\" content=\"article\" \/>\n<meta property=\"og:title\" content=\"Avviso legale | Hotel Granada Centro\" \/>\n<meta property=\"og:description\" content=\"Datos di Identificazione Ragione Sociale: ALHAMBRA HOTELES 2001 SL Nome Commerciale: HOTEL GRANADA CENTRO NAVARRETE CIF: B18595959 N. Registro: H\/GR\/01301 &#8211; 01\/07\/2009 N. Fascicolo: 2009\/GR\/000204 Indirizzo: C\/NAVARRETE 7 CAP: 18001 &#8211; GRANADA (SPAGNA) Telefono: (+34) 958 27 88 24 \u2013 (+34) 679 550 000 Email: info@hotelgranadacentro.com Iscrizione della Societ\u00e0: Registro Mercantil di Granada, Tomo 978,Continue reading &quot;Avviso legale&quot;\" \/>\n<meta property=\"og:url\" content=\"https:\/\/hotelgranadacentro.com\/it\/avviso-legale\/\" \/>\n<meta property=\"og:site_name\" content=\"Hotel Granada Centro\" \/>\n<meta property=\"article:modified_time\" content=\"2023-10-30T16:40:47+00:00\" \/>\n<meta property=\"og:image\" content=\"https:\/\/hotelgranadacentro.com\/wp-content\/uploads\/2023\/07\/portada_legal_granada.webp\" \/>\n<meta name=\"twitter:card\" content=\"summary_large_image\" \/>\n<meta name=\"twitter:label1\" content=\"Tempo di lettura stimato\" \/>\n\t<meta name=\"twitter:data1\" content=\"8 minuti\" \/>\n<script type=\"application\/ld+json\" class=\"yoast-schema-graph\">{\"@context\":\"https:\/\/schema.org\",\"@graph\":[{\"@type\":\"WebPage\",\"@id\":\"https:\/\/hotelgranadacentro.com\/it\/avviso-legale\/\",\"url\":\"https:\/\/hotelgranadacentro.com\/it\/avviso-legale\/\",\"name\":\"Avviso legale | Hotel Granada Centro\",\"isPartOf\":{\"@id\":\"https:\/\/hotelgranadacentro.com\/it\/#website\"},\"primaryImageOfPage\":{\"@id\":\"https:\/\/hotelgranadacentro.com\/it\/avviso-legale\/#primaryimage\"},\"image\":{\"@id\":\"https:\/\/hotelgranadacentro.com\/it\/avviso-legale\/#primaryimage\"},\"thumbnailUrl\":\"https:\/\/hotelgranadacentro.com\/wp-content\/uploads\/2023\/07\/portada_legal_granada.webp\",\"datePublished\":\"2023-07-10T10:01:07+00:00\",\"dateModified\":\"2023-10-30T16:40:47+00:00\",\"breadcrumb\":{\"@id\":\"https:\/\/hotelgranadacentro.com\/it\/avviso-legale\/#breadcrumb\"},\"inLanguage\":\"it-IT\",\"potentialAction\":[{\"@type\":\"ReadAction\",\"target\":[\"https:\/\/hotelgranadacentro.com\/it\/avviso-legale\/\"]}]},{\"@type\":\"ImageObject\",\"inLanguage\":\"it-IT\",\"@id\":\"https:\/\/hotelgranadacentro.com\/it\/avviso-legale\/#primaryimage\",\"url\":\"https:\/\/hotelgranadacentro.com\/wp-content\/uploads\/2023\/07\/portada_legal_granada.webp\",\"contentUrl\":\"https:\/\/hotelgranadacentro.com\/wp-content\/uploads\/2023\/07\/portada_legal_granada.webp\"},{\"@type\":\"BreadcrumbList\",\"@id\":\"https:\/\/hotelgranadacentro.com\/it\/avviso-legale\/#breadcrumb\",\"itemListElement\":[{\"@type\":\"ListItem\",\"position\":1,\"name\":\"Portada\",\"item\":\"https:\/\/hotelgranadacentro.com\/it\/\"},{\"@type\":\"ListItem\",\"position\":2,\"name\":\"Avviso legale\"}]},{\"@type\":\"WebSite\",\"@id\":\"https:\/\/hotelgranadacentro.com\/it\/#website\",\"url\":\"https:\/\/hotelgranadacentro.com\/it\/\",\"name\":\"Hotel Granada Centro\",\"description\":\"Hotel en el centro de Granada\",\"alternateName\":\"Hotel Granada Centro Navarrete\",\"potentialAction\":[{\"@type\":\"SearchAction\",\"target\":{\"@type\":\"EntryPoint\",\"urlTemplate\":\"https:\/\/hotelgranadacentro.com\/it\/?s={search_term_string}\"},\"query-input\":{\"@type\":\"PropertyValueSpecification\",\"valueRequired\":true,\"valueName\":\"search_term_string\"}}],\"inLanguage\":\"it-IT\"}]}<\/script>\n<!-- \/ Yoast SEO plugin. -->","yoast_head_json":{"title":"Avviso legale | Hotel Granada Centro","robots":{"index":"noindex","follow":"follow"},"og_locale":"it_IT","og_type":"article","og_title":"Avviso legale | Hotel Granada Centro","og_description":"Datos di Identificazione Ragione Sociale: ALHAMBRA HOTELES 2001 SL Nome Commerciale: HOTEL GRANADA CENTRO NAVARRETE CIF: B18595959 N. Registro: H\/GR\/01301 &#8211; 01\/07\/2009 N. Fascicolo: 2009\/GR\/000204 Indirizzo: C\/NAVARRETE 7 CAP: 18001 &#8211; GRANADA (SPAGNA) Telefono: (+34) 958 27 88 24 \u2013 (+34) 679 550 000 Email: info@hotelgranadacentro.com Iscrizione della Societ\u00e0: Registro Mercantil di Granada, Tomo 978,Continue reading \"Avviso legale\"","og_url":"https:\/\/hotelgranadacentro.com\/it\/avviso-legale\/","og_site_name":"Hotel Granada Centro","article_modified_time":"2023-10-30T16:40:47+00:00","og_image":[{"url":"https:\/\/hotelgranadacentro.com\/wp-content\/uploads\/2023\/07\/portada_legal_granada.webp","type":"","width":"","height":""}],"twitter_card":"summary_large_image","twitter_misc":{"Tempo di lettura stimato":"8 minuti"},"schema":{"@context":"https:\/\/schema.org","@graph":[{"@type":"WebPage","@id":"https:\/\/hotelgranadacentro.com\/it\/avviso-legale\/","url":"https:\/\/hotelgranadacentro.com\/it\/avviso-legale\/","name":"Avviso legale | Hotel Granada Centro","isPartOf":{"@id":"https:\/\/hotelgranadacentro.com\/it\/#website"},"primaryImageOfPage":{"@id":"https:\/\/hotelgranadacentro.com\/it\/avviso-legale\/#primaryimage"},"image":{"@id":"https:\/\/hotelgranadacentro.com\/it\/avviso-legale\/#primaryimage"},"thumbnailUrl":"https:\/\/hotelgranadacentro.com\/wp-content\/uploads\/2023\/07\/portada_legal_granada.webp","datePublished":"2023-07-10T10:01:07+00:00","dateModified":"2023-10-30T16:40:47+00:00","breadcrumb":{"@id":"https:\/\/hotelgranadacentro.com\/it\/avviso-legale\/#breadcrumb"},"inLanguage":"it-IT","potentialAction":[{"@type":"ReadAction","target":["https:\/\/hotelgranadacentro.com\/it\/avviso-legale\/"]}]},{"@type":"ImageObject","inLanguage":"it-IT","@id":"https:\/\/hotelgranadacentro.com\/it\/avviso-legale\/#primaryimage","url":"https:\/\/hotelgranadacentro.com\/wp-content\/uploads\/2023\/07\/portada_legal_granada.webp","contentUrl":"https:\/\/hotelgranadacentro.com\/wp-content\/uploads\/2023\/07\/portada_legal_granada.webp"},{"@type":"BreadcrumbList","@id":"https:\/\/hotelgranadacentro.com\/it\/avviso-legale\/#breadcrumb","itemListElement":[{"@type":"ListItem","position":1,"name":"Portada","item":"https:\/\/hotelgranadacentro.com\/it\/"},{"@type":"ListItem","position":2,"name":"Avviso legale"}]},{"@type":"WebSite","@id":"https:\/\/hotelgranadacentro.com\/it\/#website","url":"https:\/\/hotelgranadacentro.com\/it\/","name":"Hotel Granada Centro","description":"Hotel en el centro de Granada","alternateName":"Hotel Granada Centro Navarrete","potentialAction":[{"@type":"SearchAction","target":{"@type":"EntryPoint","urlTemplate":"https:\/\/hotelgranadacentro.com\/it\/?s={search_term_string}"},"query-input":{"@type":"PropertyValueSpecification","valueRequired":true,"valueName":"search_term_string"}}],"inLanguage":"it-IT"}]}},"uagb_featured_image_src":{"full":false,"thumbnail":false,"medium":false,"medium_large":false,"large":false,"1536x1536":false,"2048x2048":false},"uagb_author_info":{"display_name":"@nubeseo","author_link":"https:\/\/hotelgranadacentro.com\/it\/vive-granada\/author\/nubeseo\/"},"uagb_comment_info":0,"uagb_excerpt":"Datos di Identificazione Ragione Sociale: ALHAMBRA HOTELES 2001 SL Nome Commerciale: HOTEL GRANADA CENTRO NAVARRETE CIF: B18595959 N. Registro: H\/GR\/01301 &#8211; 01\/07\/2009 N. Fascicolo: 2009\/GR\/000204 Indirizzo: C\/NAVARRETE 7 CAP: 18001 &#8211; GRANADA (SPAGNA) Telefono: (+34) 958 27 88 24 \u2013 (+34) 679 550 000 Email: info@hotelgranadacentro.com Iscrizione della Societ\u00e0: Registro Mercantil di Granada, Tomo 978,Continue&hellip;","_links":{"self":[{"href":"https:\/\/hotelgranadacentro.com\/it\/wp-json\/wp\/v2\/pages\/2102","targetHints":{"allow":["GET"]}}],"collection":[{"href":"https:\/\/hotelgranadacentro.com\/it\/wp-json\/wp\/v2\/pages"}],"about":[{"href":"https:\/\/hotelgranadacentro.com\/it\/wp-json\/wp\/v2\/types\/page"}],"author":[{"embeddable":true,"href":"https:\/\/hotelgranadacentro.com\/it\/wp-json\/wp\/v2\/users\/1"}],"replies":[{"embeddable":true,"href":"https:\/\/hotelgranadacentro.com\/it\/wp-json\/wp\/v2\/comments?post=2102"}],"version-history":[{"count":2,"href":"https:\/\/hotelgranadacentro.com\/it\/wp-json\/wp\/v2\/pages\/2102\/revisions"}],"predecessor-version":[{"id":2111,"href":"https:\/\/hotelgranadacentro.com\/it\/wp-json\/wp\/v2\/pages\/2102\/revisions\/2111"}],"wp:attachment":[{"href":"https:\/\/hotelgranadacentro.com\/it\/wp-json\/wp\/v2\/media?parent=2102"}],"curies":[{"name":"wp","href":"https:\/\/api.w.org\/{rel}","templated":true}]}}